{"id":425,"date":"2018-06-15T22:56:43","date_gmt":"2018-06-15T20:56:43","guid":{"rendered":"http:\/\/ciricgradnja.com\/?page_id=425"},"modified":"2018-06-17T00:05:52","modified_gmt":"2018-06-16T22:05:52","slug":"portfolio","status":"publish","type":"page","link":"https:\/\/ciricgradnja.com\/en\/portfolio\/","title":{"rendered":"Portfolio"},"content":{"rendered":"","protected":false},"excerpt":{"rendered":"","protected":false},"author":1,"featured_media":1738,"parent":0,"menu_order":0,"comment_status":"closed","ping_status":"closed","template":"","meta":{"footnotes":""},"class_list":["post-425","page","type-page","status-publish","has-post-thumbnail","hentry"],"yoast_head":"<!-- This site is optimized with the Yoast SEO plugin v27.4 - https:\/\/yoast.com\/product\/yoast-seo-wordpress\/ -->\n<title>Our Projects - \u0106iri\u0107 gradnja<\/title>\n<meta name=\"description\" content=\"\u0106iri\u0107 gradnja is a Serbian construction company specializing in turnkey home solutions. Want to know more about our services? Family homes, residential buildings\" \/>\n<meta name=\"robots\" content=\"index, follow, max-snippet:-1, max-image-preview:large, max-video-preview:-1\" \/>\n<link rel=\"canonical\" href=\"https:\/\/ciricgradnja.com\/en\/portfolio\/\" \/>\n<meta property=\"og:locale\" content=\"en_US\" \/>\n<meta property=\"og:type\" content=\"article\" \/>\n<meta property=\"og:title\" content=\"Our Projects - \u0106iri\u0107 gradnja\" \/>\n<meta property=\"og:description\" content=\"\u0106iri\u0107 gradnja is a Serbian construction company specializing in turnkey home solutions. Want to know more about our services? Family homes, residential buildings\" \/>\n<meta property=\"og:url\" content=\"https:\/\/ciricgradnja.com\/en\/portfolio\/\" \/>\n<meta property=\"og:site_name\" content=\"\u0106iri\u0107 gradnja\" \/>\n<meta property=\"article:publisher\" content=\"https:\/\/www.facebook.com\/ciricgradnja\/\" \/>\n<meta property=\"article:modified_time\" content=\"2018-06-16T22:05:52+00:00\" \/>\n<meta name=\"twitter:card\" content=\"summary_large_image\" \/>\n<script type=\"application\/ld+json\" class=\"yoast-schema-graph\">{\"@context\":\"https:\\\/\\\/schema.org\",\"@graph\":[{\"@type\":\"WebPage\",\"@id\":\"https:\\\/\\\/ciricgradnja.com\\\/en\\\/portfolio\\\/\",\"url\":\"https:\\\/\\\/ciricgradnja.com\\\/en\\\/portfolio\\\/\",\"name\":\"Our Projects - \u0106iri\u0107 gradnja\",\"isPartOf\":{\"@id\":\"https:\\\/\\\/ciricgradnja.com\\\/#website\"},\"primaryImageOfPage\":{\"@id\":\"https:\\\/\\\/ciricgradnja.com\\\/en\\\/portfolio\\\/#primaryimage\"},\"image\":{\"@id\":\"https:\\\/\\\/ciricgradnja.com\\\/en\\\/portfolio\\\/#primaryimage\"},\"thumbnailUrl\":\"https:\\\/\\\/ciricgradnja.com\\\/wp-content\\\/uploads\\\/2018\\\/06\\\/headerfillimage2.jpg\",\"datePublished\":\"2018-06-15T20:56:43+00:00\",\"dateModified\":\"2018-06-16T22:05:52+00:00\",\"description\":\"\u0106iri\u0107 gradnja is a Serbian construction company specializing in turnkey home solutions. Want to know more about our services? Family homes, residential buildings\",\"breadcrumb\":{\"@id\":\"https:\\\/\\\/ciricgradnja.com\\\/en\\\/portfolio\\\/#breadcrumb\"},\"inLanguage\":\"en-US\",\"potentialAction\":[{\"@type\":\"ReadAction\",\"target\":[\"https:\\\/\\\/ciricgradnja.com\\\/en\\\/portfolio\\\/\"]}]},{\"@type\":\"ImageObject\",\"inLanguage\":\"en-US\",\"@id\":\"https:\\\/\\\/ciricgradnja.com\\\/en\\\/portfolio\\\/#primaryimage\",\"url\":\"https:\\\/\\\/ciricgradnja.com\\\/wp-content\\\/uploads\\\/2018\\\/06\\\/headerfillimage2.jpg\",\"contentUrl\":\"https:\\\/\\\/ciricgradnja.com\\\/wp-content\\\/uploads\\\/2018\\\/06\\\/headerfillimage2.jpg\",\"width\":1920,\"height\":700},{\"@type\":\"BreadcrumbList\",\"@id\":\"https:\\\/\\\/ciricgradnja.com\\\/en\\\/portfolio\\\/#breadcrumb\",\"itemListElement\":[{\"@type\":\"ListItem\",\"position\":1,\"name\":\"Home\",\"item\":\"https:\\\/\\\/ciricgradnja.com\\\/en\\\/\"},{\"@type\":\"ListItem\",\"position\":2,\"name\":\"Portfolio\"}]},{\"@type\":\"WebSite\",\"@id\":\"https:\\\/\\\/ciricgradnja.com\\\/#website\",\"url\":\"https:\\\/\\\/ciricgradnja.com\\\/\",\"name\":\"\u0106iri\u0107 gradnja\",\"description\":\"Projekti ku\u0107a, izgradnja ku\u0107e, klju\u010d u ruke\",\"publisher\":{\"@id\":\"https:\\\/\\\/ciricgradnja.com\\\/#organization\"},\"potentialAction\":[{\"@type\":\"SearchAction\",\"target\":{\"@type\":\"EntryPoint\",\"urlTemplate\":\"https:\\\/\\\/ciricgradnja.com\\\/?s={search_term_string}\"},\"query-input\":{\"@type\":\"PropertyValueSpecification\",\"valueRequired\":true,\"valueName\":\"search_term_string\"}}],\"inLanguage\":\"en-US\"},{\"@type\":\"Organization\",\"@id\":\"https:\\\/\\\/ciricgradnja.com\\\/#organization\",\"name\":\"\u0106iri\u0107 gradnja\",\"url\":\"https:\\\/\\\/ciricgradnja.com\\\/\",\"logo\":{\"@type\":\"ImageObject\",\"inLanguage\":\"en-US\",\"@id\":\"https:\\\/\\\/ciricgradnja.com\\\/#\\\/schema\\\/logo\\\/image\\\/\",\"url\":\"http:\\\/\\\/ciricgradnja.com\\\/wp-content\\\/uploads\\\/2018\\\/06\\\/ciriclogomain.png\",\"contentUrl\":\"http:\\\/\\\/ciricgradnja.com\\\/wp-content\\\/uploads\\\/2018\\\/06\\\/ciriclogomain.png\",\"width\":200,\"height\":106,\"caption\":\"\u0106iri\u0107 gradnja\"},\"image\":{\"@id\":\"https:\\\/\\\/ciricgradnja.com\\\/#\\\/schema\\\/logo\\\/image\\\/\"},\"sameAs\":[\"https:\\\/\\\/www.facebook.com\\\/ciricgradnja\\\/\",\"https:\\\/\\\/www.instagram.com\\\/s.ciric_gradnja\\\/\"]}]}<\/script>\n<!-- \/ Yoast SEO plugin. -->","yoast_head_json":{"title":"Our Projects - \u0106iri\u0107 gradnja","description":"\u0106iri\u0107 gradnja is a Serbian construction company specializing in turnkey home solutions. Want to know more about our services? Family homes, residential buildings","robots":{"index":"index","follow":"follow","max-snippet":"max-snippet:-1","max-image-preview":"max-image-preview:large","max-video-preview":"max-video-preview:-1"},"canonical":"https:\/\/ciricgradnja.com\/en\/portfolio\/","og_locale":"en_US","og_type":"article","og_title":"Our Projects - \u0106iri\u0107 gradnja","og_description":"\u0106iri\u0107 gradnja is a Serbian construction company specializing in turnkey home solutions. Want to know more about our services? Family homes, residential buildings","og_url":"https:\/\/ciricgradnja.com\/en\/portfolio\/","og_site_name":"\u0106iri\u0107 gradnja","article_publisher":"https:\/\/www.facebook.com\/ciricgradnja\/","article_modified_time":"2018-06-16T22:05:52+00:00","twitter_card":"summary_large_image","schema":{"@context":"https:\/\/schema.org","@graph":[{"@type":"WebPage","@id":"https:\/\/ciricgradnja.com\/en\/portfolio\/","url":"https:\/\/ciricgradnja.com\/en\/portfolio\/","name":"Our Projects - \u0106iri\u0107 gradnja","isPartOf":{"@id":"https:\/\/ciricgradnja.com\/#website"},"primaryImageOfPage":{"@id":"https:\/\/ciricgradnja.com\/en\/portfolio\/#primaryimage"},"image":{"@id":"https:\/\/ciricgradnja.com\/en\/portfolio\/#primaryimage"},"thumbnailUrl":"https:\/\/ciricgradnja.com\/wp-content\/uploads\/2018\/06\/headerfillimage2.jpg","datePublished":"2018-06-15T20:56:43+00:00","dateModified":"2018-06-16T22:05:52+00:00","description":"\u0106iri\u0107 gradnja is a Serbian construction company specializing in turnkey home solutions. Want to know more about our services? Family homes, residential buildings","breadcrumb":{"@id":"https:\/\/ciricgradnja.com\/en\/portfolio\/#breadcrumb"},"inLanguage":"en-US","potentialAction":[{"@type":"ReadAction","target":["https:\/\/ciricgradnja.com\/en\/portfolio\/"]}]},{"@type":"ImageObject","inLanguage":"en-US","@id":"https:\/\/ciricgradnja.com\/en\/portfolio\/#primaryimage","url":"https:\/\/ciricgradnja.com\/wp-content\/uploads\/2018\/06\/headerfillimage2.jpg","contentUrl":"https:\/\/ciricgradnja.com\/wp-content\/uploads\/2018\/06\/headerfillimage2.jpg","width":1920,"height":700},{"@type":"BreadcrumbList","@id":"https:\/\/ciricgradnja.com\/en\/portfolio\/#breadcrumb","itemListElement":[{"@type":"ListItem","position":1,"name":"Home","item":"https:\/\/ciricgradnja.com\/en\/"},{"@type":"ListItem","position":2,"name":"Portfolio"}]},{"@type":"WebSite","@id":"https:\/\/ciricgradnja.com\/#website","url":"https:\/\/ciricgradnja.com\/","name":"\u0106iri\u0107 gradnja","description":"Projekti ku\u0107a, izgradnja ku\u0107e, klju\u010d u ruke","publisher":{"@id":"https:\/\/ciricgradnja.com\/#organization"},"potentialAction":[{"@type":"SearchAction","target":{"@type":"EntryPoint","urlTemplate":"https:\/\/ciricgradnja.com\/?s={search_term_string}"},"query-input":{"@type":"PropertyValueSpecification","valueRequired":true,"valueName":"search_term_string"}}],"inLanguage":"en-US"},{"@type":"Organization","@id":"https:\/\/ciricgradnja.com\/#organization","name":"\u0106iri\u0107 gradnja","url":"https:\/\/ciricgradnja.com\/","logo":{"@type":"ImageObject","inLanguage":"en-US","@id":"https:\/\/ciricgradnja.com\/#\/schema\/logo\/image\/","url":"http:\/\/ciricgradnja.com\/wp-content\/uploads\/2018\/06\/ciriclogomain.png","contentUrl":"http:\/\/ciricgradnja.com\/wp-content\/uploads\/2018\/06\/ciriclogomain.png","width":200,"height":106,"caption":"\u0106iri\u0107 gradnja"},"image":{"@id":"https:\/\/ciricgradnja.com\/#\/schema\/logo\/image\/"},"sameAs":["https:\/\/www.facebook.com\/ciricgradnja\/","https:\/\/www.instagram.com\/s.ciric_gradnja\/"]}]}},"_links":{"self":[{"href":"https:\/\/ciricgradnja.com\/en\/wp-json\/wp\/v2\/pages\/425","targetHints":{"allow":["GET"]}}],"collection":[{"href":"https:\/\/ciricgradnja.com\/en\/wp-json\/wp\/v2\/pages"}],"about":[{"href":"https:\/\/ciricgradnja.com\/en\/wp-json\/wp\/v2\/types\/page"}],"author":[{"embeddable":true,"href":"https:\/\/ciricgradnja.com\/en\/wp-json\/wp\/v2\/users\/1"}],"replies":[{"embeddable":true,"href":"https:\/\/ciricgradnja.com\/en\/wp-json\/wp\/v2\/comments?post=425"}],"version-history":[{"count":0,"href":"https:\/\/ciricgradnja.com\/en\/wp-json\/wp\/v2\/pages\/425\/revisions"}],"wp:featuredmedia":[{"embeddable":true,"href":"https:\/\/ciricgradnja.com\/en\/wp-json\/wp\/v2\/media\/1738"}],"wp:attachment":[{"href":"https:\/\/ciricgradnja.com\/en\/wp-json\/wp\/v2\/media?parent=425"}],"curies":[{"name":"wp","href":"https:\/\/api.w.org\/{rel}","templated":true}]}}