{"id":465,"date":"2017-11-06T11:30:46","date_gmt":"2017-11-06T10:30:46","guid":{"rendered":"http:\/\/ciricgradnja.com\/usluge\/"},"modified":"2018-06-19T04:03:13","modified_gmt":"2018-06-19T02:03:13","slug":"unsere-dienstleistungen","status":"publish","type":"page","link":"https:\/\/ciricgradnja.com\/de\/unsere-dienstleistungen\/","title":{"rendered":"Leistungen"},"content":{"rendered":"","protected":false},"excerpt":{"rendered":"","protected":false},"author":1,"featured_media":1741,"parent":0,"menu_order":0,"comment_status":"closed","ping_status":"closed","template":"","meta":{"footnotes":""},"class_list":["post-465","page","type-page","status-publish","has-post-thumbnail","hentry"],"yoast_head":"<!-- This site is optimized with the Yoast SEO plugin v27.4 - https:\/\/yoast.com\/product\/yoast-seo-wordpress\/ -->\n<title>Haus Projekt, Bau des Hauses - Leistungen - \u0106iri\u0107 gradnja<\/title>\n<meta name=\"description\" content=\"Das Bauunternehmen \u201c\u0106iri\u0107 gradnja\u201d wurde 1993 in Belgrad gegr\u00fcndet. Seit 25 Jahren machen wir Tr\u00e4ume wahr. Familienh\u00e4use, Wohngeb\u00e4ude, Gesch\u00e4ftsgeb\u00e4ude\" \/>\n<meta name=\"robots\" content=\"index, follow, max-snippet:-1, max-image-preview:large, max-video-preview:-1\" \/>\n<link rel=\"canonical\" href=\"https:\/\/ciricgradnja.com\/de\/unsere-dienstleistungen\/\" \/>\n<meta property=\"og:locale\" content=\"de_DE\" \/>\n<meta property=\"og:type\" content=\"article\" \/>\n<meta property=\"og:title\" content=\"Haus Projekt, Bau des Hauses - Leistungen - \u0106iri\u0107 gradnja\" \/>\n<meta property=\"og:description\" content=\"Das Bauunternehmen \u201c\u0106iri\u0107 gradnja\u201d wurde 1993 in Belgrad gegr\u00fcndet. Seit 25 Jahren machen wir Tr\u00e4ume wahr. Familienh\u00e4use, Wohngeb\u00e4ude, Gesch\u00e4ftsgeb\u00e4ude\" \/>\n<meta property=\"og:url\" content=\"https:\/\/ciricgradnja.com\/de\/unsere-dienstleistungen\/\" \/>\n<meta property=\"og:site_name\" content=\"\u0106iri\u0107 gradnja\" \/>\n<meta property=\"article:publisher\" content=\"https:\/\/www.facebook.com\/ciricgradnja\/\" \/>\n<meta property=\"article:modified_time\" content=\"2018-06-19T02:03:13+00:00\" \/>\n<meta name=\"twitter:card\" content=\"summary_large_image\" \/>\n<script type=\"application\/ld+json\" class=\"yoast-schema-graph\">{\"@context\":\"https:\\\/\\\/schema.org\",\"@graph\":[{\"@type\":\"WebPage\",\"@id\":\"https:\\\/\\\/ciricgradnja.com\\\/de\\\/unsere-dienstleistungen\\\/\",\"url\":\"https:\\\/\\\/ciricgradnja.com\\\/de\\\/unsere-dienstleistungen\\\/\",\"name\":\"Haus Projekt, Bau des Hauses - Leistungen - \u0106iri\u0107 gradnja\",\"isPartOf\":{\"@id\":\"https:\\\/\\\/ciricgradnja.com\\\/#website\"},\"primaryImageOfPage\":{\"@id\":\"https:\\\/\\\/ciricgradnja.com\\\/de\\\/unsere-dienstleistungen\\\/#primaryimage\"},\"image\":{\"@id\":\"https:\\\/\\\/ciricgradnja.com\\\/de\\\/unsere-dienstleistungen\\\/#primaryimage\"},\"thumbnailUrl\":\"https:\\\/\\\/ciricgradnja.com\\\/wp-content\\\/uploads\\\/2018\\\/06\\\/headingbackgroundimage.jpg\",\"datePublished\":\"2017-11-06T10:30:46+00:00\",\"dateModified\":\"2018-06-19T02:03:13+00:00\",\"description\":\"Das Bauunternehmen \u201c\u0106iri\u0107 gradnja\u201d wurde 1993 in Belgrad gegr\u00fcndet. Seit 25 Jahren machen wir Tr\u00e4ume wahr. Familienh\u00e4use, Wohngeb\u00e4ude, Gesch\u00e4ftsgeb\u00e4ude\",\"breadcrumb\":{\"@id\":\"https:\\\/\\\/ciricgradnja.com\\\/de\\\/unsere-dienstleistungen\\\/#breadcrumb\"},\"inLanguage\":\"de\",\"potentialAction\":[{\"@type\":\"ReadAction\",\"target\":[\"https:\\\/\\\/ciricgradnja.com\\\/de\\\/unsere-dienstleistungen\\\/\"]}]},{\"@type\":\"ImageObject\",\"inLanguage\":\"de\",\"@id\":\"https:\\\/\\\/ciricgradnja.com\\\/de\\\/unsere-dienstleistungen\\\/#primaryimage\",\"url\":\"https:\\\/\\\/ciricgradnja.com\\\/wp-content\\\/uploads\\\/2018\\\/06\\\/headingbackgroundimage.jpg\",\"contentUrl\":\"https:\\\/\\\/ciricgradnja.com\\\/wp-content\\\/uploads\\\/2018\\\/06\\\/headingbackgroundimage.jpg\",\"width\":1920,\"height\":700},{\"@type\":\"BreadcrumbList\",\"@id\":\"https:\\\/\\\/ciricgradnja.com\\\/de\\\/unsere-dienstleistungen\\\/#breadcrumb\",\"itemListElement\":[{\"@type\":\"ListItem\",\"position\":1,\"name\":\"Home\",\"item\":\"https:\\\/\\\/ciricgradnja.com\\\/de\\\/\"},{\"@type\":\"ListItem\",\"position\":2,\"name\":\"Leistungen\"}]},{\"@type\":\"WebSite\",\"@id\":\"https:\\\/\\\/ciricgradnja.com\\\/#website\",\"url\":\"https:\\\/\\\/ciricgradnja.com\\\/\",\"name\":\"\u0106iri\u0107 gradnja\",\"description\":\"Projekti ku\u0107a, izgradnja ku\u0107e, klju\u010d u ruke\",\"publisher\":{\"@id\":\"https:\\\/\\\/ciricgradnja.com\\\/#organization\"},\"potentialAction\":[{\"@type\":\"SearchAction\",\"target\":{\"@type\":\"EntryPoint\",\"urlTemplate\":\"https:\\\/\\\/ciricgradnja.com\\\/?s={search_term_string}\"},\"query-input\":{\"@type\":\"PropertyValueSpecification\",\"valueRequired\":true,\"valueName\":\"search_term_string\"}}],\"inLanguage\":\"de\"},{\"@type\":\"Organization\",\"@id\":\"https:\\\/\\\/ciricgradnja.com\\\/#organization\",\"name\":\"\u0106iri\u0107 gradnja\",\"url\":\"https:\\\/\\\/ciricgradnja.com\\\/\",\"logo\":{\"@type\":\"ImageObject\",\"inLanguage\":\"de\",\"@id\":\"https:\\\/\\\/ciricgradnja.com\\\/#\\\/schema\\\/logo\\\/image\\\/\",\"url\":\"http:\\\/\\\/ciricgradnja.com\\\/wp-content\\\/uploads\\\/2018\\\/06\\\/ciriclogomain.png\",\"contentUrl\":\"http:\\\/\\\/ciricgradnja.com\\\/wp-content\\\/uploads\\\/2018\\\/06\\\/ciriclogomain.png\",\"width\":200,\"height\":106,\"caption\":\"\u0106iri\u0107 gradnja\"},\"image\":{\"@id\":\"https:\\\/\\\/ciricgradnja.com\\\/#\\\/schema\\\/logo\\\/image\\\/\"},\"sameAs\":[\"https:\\\/\\\/www.facebook.com\\\/ciricgradnja\\\/\",\"https:\\\/\\\/www.instagram.com\\\/s.ciric_gradnja\\\/\"]}]}<\/script>\n<!-- \/ Yoast SEO plugin. -->","yoast_head_json":{"title":"Haus Projekt, Bau des Hauses - Leistungen - \u0106iri\u0107 gradnja","description":"Das Bauunternehmen \u201c\u0106iri\u0107 gradnja\u201d wurde 1993 in Belgrad gegr\u00fcndet. Seit 25 Jahren machen wir Tr\u00e4ume wahr. Familienh\u00e4use, Wohngeb\u00e4ude, Gesch\u00e4ftsgeb\u00e4ude","robots":{"index":"index","follow":"follow","max-snippet":"max-snippet:-1","max-image-preview":"max-image-preview:large","max-video-preview":"max-video-preview:-1"},"canonical":"https:\/\/ciricgradnja.com\/de\/unsere-dienstleistungen\/","og_locale":"de_DE","og_type":"article","og_title":"Haus Projekt, Bau des Hauses - Leistungen - \u0106iri\u0107 gradnja","og_description":"Das Bauunternehmen \u201c\u0106iri\u0107 gradnja\u201d wurde 1993 in Belgrad gegr\u00fcndet. Seit 25 Jahren machen wir Tr\u00e4ume wahr. Familienh\u00e4use, Wohngeb\u00e4ude, Gesch\u00e4ftsgeb\u00e4ude","og_url":"https:\/\/ciricgradnja.com\/de\/unsere-dienstleistungen\/","og_site_name":"\u0106iri\u0107 gradnja","article_publisher":"https:\/\/www.facebook.com\/ciricgradnja\/","article_modified_time":"2018-06-19T02:03:13+00:00","twitter_card":"summary_large_image","schema":{"@context":"https:\/\/schema.org","@graph":[{"@type":"WebPage","@id":"https:\/\/ciricgradnja.com\/de\/unsere-dienstleistungen\/","url":"https:\/\/ciricgradnja.com\/de\/unsere-dienstleistungen\/","name":"Haus Projekt, Bau des Hauses - Leistungen - \u0106iri\u0107 gradnja","isPartOf":{"@id":"https:\/\/ciricgradnja.com\/#website"},"primaryImageOfPage":{"@id":"https:\/\/ciricgradnja.com\/de\/unsere-dienstleistungen\/#primaryimage"},"image":{"@id":"https:\/\/ciricgradnja.com\/de\/unsere-dienstleistungen\/#primaryimage"},"thumbnailUrl":"https:\/\/ciricgradnja.com\/wp-content\/uploads\/2018\/06\/headingbackgroundimage.jpg","datePublished":"2017-11-06T10:30:46+00:00","dateModified":"2018-06-19T02:03:13+00:00","description":"Das Bauunternehmen \u201c\u0106iri\u0107 gradnja\u201d wurde 1993 in Belgrad gegr\u00fcndet. Seit 25 Jahren machen wir Tr\u00e4ume wahr. Familienh\u00e4use, Wohngeb\u00e4ude, Gesch\u00e4ftsgeb\u00e4ude","breadcrumb":{"@id":"https:\/\/ciricgradnja.com\/de\/unsere-dienstleistungen\/#breadcrumb"},"inLanguage":"de","potentialAction":[{"@type":"ReadAction","target":["https:\/\/ciricgradnja.com\/de\/unsere-dienstleistungen\/"]}]},{"@type":"ImageObject","inLanguage":"de","@id":"https:\/\/ciricgradnja.com\/de\/unsere-dienstleistungen\/#primaryimage","url":"https:\/\/ciricgradnja.com\/wp-content\/uploads\/2018\/06\/headingbackgroundimage.jpg","contentUrl":"https:\/\/ciricgradnja.com\/wp-content\/uploads\/2018\/06\/headingbackgroundimage.jpg","width":1920,"height":700},{"@type":"BreadcrumbList","@id":"https:\/\/ciricgradnja.com\/de\/unsere-dienstleistungen\/#breadcrumb","itemListElement":[{"@type":"ListItem","position":1,"name":"Home","item":"https:\/\/ciricgradnja.com\/de\/"},{"@type":"ListItem","position":2,"name":"Leistungen"}]},{"@type":"WebSite","@id":"https:\/\/ciricgradnja.com\/#website","url":"https:\/\/ciricgradnja.com\/","name":"\u0106iri\u0107 gradnja","description":"Projekti ku\u0107a, izgradnja ku\u0107e, klju\u010d u ruke","publisher":{"@id":"https:\/\/ciricgradnja.com\/#organization"},"potentialAction":[{"@type":"SearchAction","target":{"@type":"EntryPoint","urlTemplate":"https:\/\/ciricgradnja.com\/?s={search_term_string}"},"query-input":{"@type":"PropertyValueSpecification","valueRequired":true,"valueName":"search_term_string"}}],"inLanguage":"de"},{"@type":"Organization","@id":"https:\/\/ciricgradnja.com\/#organization","name":"\u0106iri\u0107 gradnja","url":"https:\/\/ciricgradnja.com\/","logo":{"@type":"ImageObject","inLanguage":"de","@id":"https:\/\/ciricgradnja.com\/#\/schema\/logo\/image\/","url":"http:\/\/ciricgradnja.com\/wp-content\/uploads\/2018\/06\/ciriclogomain.png","contentUrl":"http:\/\/ciricgradnja.com\/wp-content\/uploads\/2018\/06\/ciriclogomain.png","width":200,"height":106,"caption":"\u0106iri\u0107 gradnja"},"image":{"@id":"https:\/\/ciricgradnja.com\/#\/schema\/logo\/image\/"},"sameAs":["https:\/\/www.facebook.com\/ciricgradnja\/","https:\/\/www.instagram.com\/s.ciric_gradnja\/"]}]}},"_links":{"self":[{"href":"https:\/\/ciricgradnja.com\/de\/wp-json\/wp\/v2\/pages\/465","targetHints":{"allow":["GET"]}}],"collection":[{"href":"https:\/\/ciricgradnja.com\/de\/wp-json\/wp\/v2\/pages"}],"about":[{"href":"https:\/\/ciricgradnja.com\/de\/wp-json\/wp\/v2\/types\/page"}],"author":[{"embeddable":true,"href":"https:\/\/ciricgradnja.com\/de\/wp-json\/wp\/v2\/users\/1"}],"replies":[{"embeddable":true,"href":"https:\/\/ciricgradnja.com\/de\/wp-json\/wp\/v2\/comments?post=465"}],"version-history":[{"count":0,"href":"https:\/\/ciricgradnja.com\/de\/wp-json\/wp\/v2\/pages\/465\/revisions"}],"wp:featuredmedia":[{"embeddable":true,"href":"https:\/\/ciricgradnja.com\/de\/wp-json\/wp\/v2\/media\/1741"}],"wp:attachment":[{"href":"https:\/\/ciricgradnja.com\/de\/wp-json\/wp\/v2\/media?parent=465"}],"curies":[{"name":"wp","href":"https:\/\/api.w.org\/{rel}","templated":true}]}}